{"id":1222,"date":"2013-12-09T18:36:16","date_gmt":"2013-12-09T17:36:16","guid":{"rendered":"http:\/\/catchit.hu\/?page_id=1222"},"modified":"2013-12-10T09:36:44","modified_gmt":"2013-12-10T08:36:44","slug":"zsibi-a-tesconal","status":"publish","type":"page","link":"http:\/\/catchit.hu\/?page_id=1222","title":{"rendered":"Zsibi a Tescon\u00e1l"},"content":{"rendered":"<p>\u00c9n \u00e9s a Tescos Zsibi egy borong\u00f3s es\u0151s vas\u00e1rnap d\u00e9lel\u0151tt botlottunk egym\u00e1sba el\u0151sz\u00f6r majd andalogtunk kicsit a m\u00e1r lemond\u00f3 nyugd\u00edjasok k\u00f6z\u00f6tt&#8230;\u00a0 Eld\u00f6nt\u00f6ttem ez bar\u00e1ts\u00e1g lesz<\/p>\n<!-- AddThis Advanced Settings generic via filter on the_content --><!-- AddThis Share Buttons generic via filter on the_content -->","protected":false},"excerpt":{"rendered":"<p>\u00c9n \u00e9s a Tescos Zsibi egy borong\u00f3s es\u0151s vas\u00e1rnap d\u00e9lel\u0151tt botlottunk egym\u00e1sba el\u0151sz\u00f6r majd andalogtunk kicsit a m\u00e1r lemond\u00f3 nyugd\u00edjasok k\u00f6z\u00f6tt&#8230;\u00a0 Eld\u00f6nt\u00f6ttem ez bar\u00e1ts\u00e1g lesz<!-- AddThis Advanced Settings generic via filter on get_the_excerpt --><!-- AddThis Share Buttons generic via filter on get_the_excerpt --><\/p>\n","protected":false},"author":1,"featured_media":0,"parent":0,"menu_order":0,"comment_status":"open","ping_status":"open","template":"template-gallery-masonry-3.php","meta":[],"_links":{"self":[{"href":"http:\/\/catchit.hu\/index.php?rest_route=\/wp\/v2\/pages\/1222"}],"collection":[{"href":"http:\/\/catchit.hu\/index.php?rest_route=\/wp\/v2\/pages"}],"about":[{"href":"http:\/\/catchit.hu\/index.php?rest_route=\/wp\/v2\/types\/page"}],"author":[{"embeddable":true,"href":"http:\/\/catchit.hu\/index.php?rest_route=\/wp\/v2\/users\/1"}],"replies":[{"embeddable":true,"href":"http:\/\/catchit.hu\/index.php?rest_route=%2Fwp%2Fv2%2Fcomments&post=1222"}],"version-history":[{"count":4,"href":"http:\/\/catchit.hu\/index.php?rest_route=\/wp\/v2\/pages\/1222\/revisions"}],"predecessor-version":[{"id":1947,"href":"http:\/\/catchit.hu\/index.php?rest_route=\/wp\/v2\/pages\/1222\/revisions\/1947"}],"wp:attachment":[{"href":"http:\/\/catchit.hu\/index.php?rest_route=%2Fwp%2Fv2%2Fmedia&parent=1222"}],"curies":[{"name":"wp","href":"https:\/\/api.w.org\/{rel}","templated":true}]}}