{"id":1478,"date":"2013-12-09T19:48:10","date_gmt":"2013-12-09T18:48:10","guid":{"rendered":"http:\/\/catchit.hu\/?page_id=1478"},"modified":"2013-12-10T16:13:21","modified_gmt":"2013-12-10T15:13:21","slug":"telep","status":"publish","type":"page","link":"http:\/\/catchit.hu\/?page_id=1478","title":{"rendered":"Telep"},"content":{"rendered":"<p>Telep. Azt gondolom ez a szo mindenkiben kiv\u00e1lt egy hat\u00e1st \u00e9s ha ehhez a lako is t\u00e1rsul mindnekinek beugrik a sz\u00fcrke kockarengeteg. Az a mi saj\u00e1tos kommun\u00e1nk amolyan urb\u00e1nus t\u00fal kor\u00e1n \u00e9rkezett cyberpunk k\u00f6zeg amelyben feln\u0151ve nem l\u00e1tjuk a romantik\u00e1t. Lehet nem is romantika ez lehet a Telepnek nincs is romantik\u00e1ja csak ugy van, b\u00e1r \u00e9n egyre jobban vonzodom sal\u00e9tromos b\u00e1jaihoz.<br \/>\nEnnek ellen\u00e9re \u00e9n azt gondolom vannak meghat\u00e1roz\u00f3 pillanatai mint ennek a jellegzetesen Panelfilmnek is. Teso. Aki nem ismern\u00e9.<\/p>\n<p>7:30 aki nem is szeretn\u00e9 csak \u00e9rteni akarja hogy is j\u00f6n ez ide.<\/p>\n<p>Akkor menjen&#8230;<\/p>\n<p><iframe loading=\"lazy\" width=\"1280\" height=\"720\" src=\"\/\/www.youtube.com\/embed\/1xsd7W1eUqQ?list=PLC7D1A2982B467E7E\" frameborder=\"0\" allowfullscreen><\/iframe><\/p>\n<!-- AddThis Advanced Settings generic via filter on the_content --><!-- AddThis Share Buttons generic via filter on the_content -->","protected":false},"excerpt":{"rendered":"<p>Telep. Azt gondolom ez a szo mindenkiben kiv\u00e1lt egy hat\u00e1st \u00e9s ha ehhez a lako is t\u00e1rsul mindnekinek beugrik a sz\u00fcrke kockarengeteg. Az a mi saj\u00e1tos kommun\u00e1nk amolyan urb\u00e1nus t\u00fal kor\u00e1n \u00e9rkezett cyberpunk k\u00f6zeg amelyben feln\u0151ve nem l\u00e1tjuk a romantik\u00e1t. Lehet nem is romantika ez lehet a Telepnek nincs is romantik\u00e1ja csak ugy van, b\u00e1r [&hellip;]<!-- AddThis Advanced Settings generic via filter on get_the_excerpt --><!-- AddThis Share Buttons generic via filter on get_the_excerpt --><\/p>\n","protected":false},"author":1,"featured_media":0,"parent":0,"menu_order":0,"comment_status":"open","ping_status":"open","template":"template-gallery-masonry-3.php","meta":[],"_links":{"self":[{"href":"http:\/\/catchit.hu\/index.php?rest_route=\/wp\/v2\/pages\/1478"}],"collection":[{"href":"http:\/\/catchit.hu\/index.php?rest_route=\/wp\/v2\/pages"}],"about":[{"href":"http:\/\/catchit.hu\/index.php?rest_route=\/wp\/v2\/types\/page"}],"author":[{"embeddable":true,"href":"http:\/\/catchit.hu\/index.php?rest_route=\/wp\/v2\/users\/1"}],"replies":[{"embeddable":true,"href":"http:\/\/catchit.hu\/index.php?rest_route=%2Fwp%2Fv2%2Fcomments&post=1478"}],"version-history":[{"count":12,"href":"http:\/\/catchit.hu\/index.php?rest_route=\/wp\/v2\/pages\/1478\/revisions"}],"predecessor-version":[{"id":1961,"href":"http:\/\/catchit.hu\/index.php?rest_route=\/wp\/v2\/pages\/1478\/revisions\/1961"}],"wp:attachment":[{"href":"http:\/\/catchit.hu\/index.php?rest_route=%2Fwp%2Fv2%2Fmedia&parent=1478"}],"curies":[{"name":"wp","href":"https:\/\/api.w.org\/{rel}","templated":true}]}}