{"id":2240,"date":"2014-04-01T01:49:57","date_gmt":"2014-03-31T23:49:57","guid":{"rendered":"http:\/\/catchit.hu\/?page_id=2240"},"modified":"2014-04-01T01:54:26","modified_gmt":"2014-03-31T23:54:26","slug":"halmazallapot-valtozas","status":"publish","type":"page","link":"http:\/\/catchit.hu\/?page_id=2240","title":{"rendered":"Halmaz\u00e1llapot v\u00e1ltoz\u00e1s"},"content":{"rendered":"<!-- AddThis Advanced Settings generic via filter on the_content --><!-- AddThis Share Buttons generic via filter on the_content -->","protected":false},"excerpt":{"rendered":"<p><!-- AddThis Advanced Settings generic via filter on get_the_excerpt --><!-- AddThis Share Buttons generic via filter on get_the_excerpt --><\/p>\n","protected":false},"author":1,"featured_media":0,"parent":0,"menu_order":0,"comment_status":"open","ping_status":"open","template":"template-gallery-masonry-3.php","meta":[],"_links":{"self":[{"href":"http:\/\/catchit.hu\/index.php?rest_route=\/wp\/v2\/pages\/2240"}],"collection":[{"href":"http:\/\/catchit.hu\/index.php?rest_route=\/wp\/v2\/pages"}],"about":[{"href":"http:\/\/catchit.hu\/index.php?rest_route=\/wp\/v2\/types\/page"}],"author":[{"embeddable":true,"href":"http:\/\/catchit.hu\/index.php?rest_route=\/wp\/v2\/users\/1"}],"replies":[{"embeddable":true,"href":"http:\/\/catchit.hu\/index.php?rest_route=%2Fwp%2Fv2%2Fcomments&post=2240"}],"version-history":[{"count":1,"href":"http:\/\/catchit.hu\/index.php?rest_route=\/wp\/v2\/pages\/2240\/revisions"}],"predecessor-version":[{"id":2242,"href":"http:\/\/catchit.hu\/index.php?rest_route=\/wp\/v2\/pages\/2240\/revisions\/2242"}],"wp:attachment":[{"href":"http:\/\/catchit.hu\/index.php?rest_route=%2Fwp%2Fv2%2Fmedia&parent=2240"}],"curies":[{"name":"wp","href":"https:\/\/api.w.org\/{rel}","templated":true}]}}