{"id":2297,"date":"2014-04-11T20:31:56","date_gmt":"2014-04-11T18:31:56","guid":{"rendered":"http:\/\/catchit.hu\/?page_id=2297"},"modified":"2014-04-11T20:52:43","modified_gmt":"2014-04-11T18:52:43","slug":"zona","status":"publish","type":"page","link":"http:\/\/catchit.hu\/?page_id=2297","title":{"rendered":"ZONA"},"content":{"rendered":"<p>A Debreceni Fotom\u0171hely alkot\u00f3i h\u00edvt\u00e1k fel a figyelmem munk\u00e1ikkal a V\u00e1mosp\u00e9rcs hat\u00e1r\u00e1ban l\u00e9v\u0151 kis r\u00e9gi ipartelep-szer\u0171s\u00e9gre. Megragadott a k\u00e9peik alapj\u00e1n ottragadt hangulat \u00e9s megl\u00e1togattam adva magamnak egy es\u00e9lyt mintegy r\u00e1pr\u00f3b\u00e1lva nem kontr\u00e1zva. A mostani hangulatomhoz ill\u0151 minim\u00e1l belassullt &#8220;cloudporn&#8221; k\u00e9peket eredm\u00e9nyezett nagyl\u00e1t\u00f3sz\u00f6gben&#8230;<\/p>\n<!-- AddThis Advanced Settings generic via filter on the_content --><!-- AddThis Share Buttons generic via filter on the_content -->","protected":false},"excerpt":{"rendered":"<p>A Debreceni Fotom\u0171hely alkot\u00f3i h\u00edvt\u00e1k fel a figyelmem munk\u00e1ikkal a V\u00e1mosp\u00e9rcs hat\u00e1r\u00e1ban l\u00e9v\u0151 kis r\u00e9gi ipartelep-szer\u0171s\u00e9gre. Megragadott a k\u00e9peik alapj\u00e1n ottragadt hangulat \u00e9s megl\u00e1togattam adva magamnak egy es\u00e9lyt mintegy r\u00e1pr\u00f3b\u00e1lva nem kontr\u00e1zva. A mostani hangulatomhoz ill\u0151 minim\u00e1l belassullt &#8220;cloudporn&#8221; k\u00e9peket eredm\u00e9nyezett nagyl\u00e1t\u00f3sz\u00f6gben&#8230;<!-- AddThis Advanced Settings generic via filter on get_the_excerpt --><!-- AddThis Share Buttons generic via filter on get_the_excerpt --><\/p>\n","protected":false},"author":1,"featured_media":0,"parent":0,"menu_order":0,"comment_status":"open","ping_status":"open","template":"template-gallery-masonry-3.php","meta":[],"_links":{"self":[{"href":"http:\/\/catchit.hu\/index.php?rest_route=\/wp\/v2\/pages\/2297"}],"collection":[{"href":"http:\/\/catchit.hu\/index.php?rest_route=\/wp\/v2\/pages"}],"about":[{"href":"http:\/\/catchit.hu\/index.php?rest_route=\/wp\/v2\/types\/page"}],"author":[{"embeddable":true,"href":"http:\/\/catchit.hu\/index.php?rest_route=\/wp\/v2\/users\/1"}],"replies":[{"embeddable":true,"href":"http:\/\/catchit.hu\/index.php?rest_route=%2Fwp%2Fv2%2Fcomments&post=2297"}],"version-history":[{"count":4,"href":"http:\/\/catchit.hu\/index.php?rest_route=\/wp\/v2\/pages\/2297\/revisions"}],"predecessor-version":[{"id":2309,"href":"http:\/\/catchit.hu\/index.php?rest_route=\/wp\/v2\/pages\/2297\/revisions\/2309"}],"wp:attachment":[{"href":"http:\/\/catchit.hu\/index.php?rest_route=%2Fwp%2Fv2%2Fmedia&parent=2297"}],"curies":[{"name":"wp","href":"https:\/\/api.w.org\/{rel}","templated":true}]}}