{"id":2355,"date":"2014-04-21T21:49:22","date_gmt":"2014-04-21T19:49:22","guid":{"rendered":"http:\/\/catchit.hu\/?page_id=2355"},"modified":"2014-04-21T21:52:16","modified_gmt":"2014-04-21T19:52:16","slug":"zona-ii","status":"publish","type":"page","link":"http:\/\/catchit.hu\/?page_id=2355","title":{"rendered":"ZONA II"},"content":{"rendered":"<p>M\u00e1sodik nekifut\u00e1sra m\u00e1sodik dombor\u00edt\u00e1sra m\u00e1st l\u00e1tva odabent is t\u00f6bbet mozogva<\/p>\n<!-- AddThis Advanced Settings generic via filter on the_content --><!-- AddThis Share Buttons generic via filter on the_content -->","protected":false},"excerpt":{"rendered":"<p>M\u00e1sodik nekifut\u00e1sra m\u00e1sodik dombor\u00edt\u00e1sra m\u00e1st l\u00e1tva odabent is t\u00f6bbet mozogva<!-- AddThis Advanced Settings generic via filter on get_the_excerpt --><!-- AddThis Share Buttons generic via filter on get_the_excerpt --><\/p>\n","protected":false},"author":1,"featured_media":0,"parent":0,"menu_order":0,"comment_status":"open","ping_status":"open","template":"template-gallery-masonry-3.php","meta":[],"_links":{"self":[{"href":"http:\/\/catchit.hu\/index.php?rest_route=\/wp\/v2\/pages\/2355"}],"collection":[{"href":"http:\/\/catchit.hu\/index.php?rest_route=\/wp\/v2\/pages"}],"about":[{"href":"http:\/\/catchit.hu\/index.php?rest_route=\/wp\/v2\/types\/page"}],"author":[{"embeddable":true,"href":"http:\/\/catchit.hu\/index.php?rest_route=\/wp\/v2\/users\/1"}],"replies":[{"embeddable":true,"href":"http:\/\/catchit.hu\/index.php?rest_route=%2Fwp%2Fv2%2Fcomments&post=2355"}],"version-history":[{"count":2,"href":"http:\/\/catchit.hu\/index.php?rest_route=\/wp\/v2\/pages\/2355\/revisions"}],"predecessor-version":[{"id":2358,"href":"http:\/\/catchit.hu\/index.php?rest_route=\/wp\/v2\/pages\/2355\/revisions\/2358"}],"wp:attachment":[{"href":"http:\/\/catchit.hu\/index.php?rest_route=%2Fwp%2Fv2%2Fmedia&parent=2355"}],"curies":[{"name":"wp","href":"https:\/\/api.w.org\/{rel}","templated":true}]}}