{"id":3080,"date":"2014-08-14T21:31:39","date_gmt":"2014-08-14T19:31:39","guid":{"rendered":"http:\/\/catchit.hu\/?page_id=3080"},"modified":"2025-01-07T17:17:23","modified_gmt":"2025-01-07T16:17:23","slug":"f3","status":"publish","type":"page","link":"http:\/\/catchit.hu\/?page_id=3080","title":{"rendered":"35MM STREET"},"content":{"rendered":"<p>Nikon F3 \/ &nbsp;Minolta HI matic \/ Voigtlander Bessa feeling \u00e9s batikmentes filmes \u00fatkeres\u00e9s \/ kezdetekt\u0151l ut\u00f3sz\u0171r\u00e9s n\u00e9lk\u00fcl<\/p>\n<!-- AddThis Advanced Settings generic via filter on the_content --><!-- AddThis Share Buttons generic via filter on the_content -->","protected":false},"excerpt":{"rendered":"<p>Nikon F3 \/ &nbsp;Minolta HI matic \/ Voigtlander Bessa feeling \u00e9s batikmentes filmes \u00fatkeres\u00e9s \/ kezdetekt\u0151l ut\u00f3sz\u0171r\u00e9s n\u00e9lk\u00fcl<!-- AddThis Advanced Settings generic via filter on get_the_excerpt --><!-- AddThis Share Buttons generic via filter on get_the_excerpt --><\/p>\n","protected":false},"author":1,"featured_media":10827,"parent":0,"menu_order":0,"comment_status":"open","ping_status":"open","template":"template-gallery-masonry-3.php","meta":[],"_links":{"self":[{"href":"http:\/\/catchit.hu\/index.php?rest_route=\/wp\/v2\/pages\/3080"}],"collection":[{"href":"http:\/\/catchit.hu\/index.php?rest_route=\/wp\/v2\/pages"}],"about":[{"href":"http:\/\/catchit.hu\/index.php?rest_route=\/wp\/v2\/types\/page"}],"author":[{"embeddable":true,"href":"http:\/\/catchit.hu\/index.php?rest_route=\/wp\/v2\/users\/1"}],"replies":[{"embeddable":true,"href":"http:\/\/catchit.hu\/index.php?rest_route=%2Fwp%2Fv2%2Fcomments&post=3080"}],"version-history":[{"count":6,"href":"http:\/\/catchit.hu\/index.php?rest_route=\/wp\/v2\/pages\/3080\/revisions"}],"predecessor-version":[{"id":10834,"href":"http:\/\/catchit.hu\/index.php?rest_route=\/wp\/v2\/pages\/3080\/revisions\/10834"}],"wp:featuredmedia":[{"embeddable":true,"href":"http:\/\/catchit.hu\/index.php?rest_route=\/wp\/v2\/media\/10827"}],"wp:attachment":[{"href":"http:\/\/catchit.hu\/index.php?rest_route=%2Fwp%2Fv2%2Fmedia&parent=3080"}],"curies":[{"name":"wp","href":"https:\/\/api.w.org\/{rel}","templated":true}]}}