{"id":3272,"date":"2014-09-13T12:54:15","date_gmt":"2014-09-13T10:54:15","guid":{"rendered":"http:\/\/catchit.hu\/?page_id=3272"},"modified":"2015-11-08T17:26:07","modified_gmt":"2015-11-08T16:26:07","slug":"6-2","status":"publish","type":"page","link":"http:\/\/catchit.hu\/?page_id=3272","title":{"rendered":"6"},"content":{"rendered":"<p>A debreceni Fotom\u0171hely negyed\u00e9ves t\u00e9m\u00e1ja a 6&#8230;<\/p>\n<p>Mivel az ND8 sz\u0171r\u0151 nem birta a kih\u00edv\u00e1st Deli Barn\u00e1t\u00f3l loptam az \u00f6tletet \u00e9s heggeszt\u0151\u00fcveget haszn\u00e1ltam ragasztoszalaggal k\u00f6lcs\u00e9ghat\u00e9konys\u00e9g \u00e9s gyorsas\u00e1g jegy\u00e9ben. A k\u00e9pek term\u00e9szetesen haszn\u00e1lhatatlanok eredeti\u00fckben mivel z\u00f6ldek \u00e9s term\u00e9sztesen az id\u0151 sem mell\u00e9m szeg\u0151d\u00f6tt ughogy felh\u0151porn\u00f3 helyett j\u00f6jjenek a hosszuz\u00e1rid\u0151s k\u00e9pek. Egy sorozat a t\u00e9me belsej\u00e9b\u0151l (eredetileg kiv\u00f6lr\u0151l befel\u00e9 szerettem volna haladni) \u00e9s 2 j\u00e1t\u00e9k az expociccios id\u0151vel \u00e9s modell hijj\u00e1n megint magammal.<\/p>\n<!-- AddThis Advanced Settings generic via filter on the_content --><!-- AddThis Share Buttons generic via filter on the_content -->","protected":false},"excerpt":{"rendered":"<p>A debreceni Fotom\u0171hely negyed\u00e9ves t\u00e9m\u00e1ja a 6&#8230; Mivel az ND8 sz\u0171r\u0151 nem birta a kih\u00edv\u00e1st Deli Barn\u00e1t\u00f3l loptam az \u00f6tletet \u00e9s heggeszt\u0151\u00fcveget haszn\u00e1ltam ragasztoszalaggal k\u00f6lcs\u00e9ghat\u00e9konys\u00e9g \u00e9s gyorsas\u00e1g jegy\u00e9ben. A k\u00e9pek term\u00e9szetesen haszn\u00e1lhatatlanok eredeti\u00fckben mivel z\u00f6ldek \u00e9s term\u00e9sztesen az id\u0151 sem mell\u00e9m szeg\u0151d\u00f6tt ughogy felh\u0151porn\u00f3 helyett j\u00f6jjenek a hosszuz\u00e1rid\u0151s k\u00e9pek. Egy sorozat a t\u00e9me belsej\u00e9b\u0151l (eredetileg [&hellip;]<!-- AddThis Advanced Settings generic via filter on get_the_excerpt --><!-- AddThis Share Buttons generic via filter on get_the_excerpt --><\/p>\n","protected":false},"author":1,"featured_media":0,"parent":0,"menu_order":0,"comment_status":"open","ping_status":"open","template":"template-gallery-masonry-3.php","meta":[],"_links":{"self":[{"href":"http:\/\/catchit.hu\/index.php?rest_route=\/wp\/v2\/pages\/3272"}],"collection":[{"href":"http:\/\/catchit.hu\/index.php?rest_route=\/wp\/v2\/pages"}],"about":[{"href":"http:\/\/catchit.hu\/index.php?rest_route=\/wp\/v2\/types\/page"}],"author":[{"embeddable":true,"href":"http:\/\/catchit.hu\/index.php?rest_route=\/wp\/v2\/users\/1"}],"replies":[{"embeddable":true,"href":"http:\/\/catchit.hu\/index.php?rest_route=%2Fwp%2Fv2%2Fcomments&post=3272"}],"version-history":[{"count":1,"href":"http:\/\/catchit.hu\/index.php?rest_route=\/wp\/v2\/pages\/3272\/revisions"}],"predecessor-version":[{"id":3274,"href":"http:\/\/catchit.hu\/index.php?rest_route=\/wp\/v2\/pages\/3272\/revisions\/3274"}],"wp:attachment":[{"href":"http:\/\/catchit.hu\/index.php?rest_route=%2Fwp%2Fv2%2Fmedia&parent=3272"}],"curies":[{"name":"wp","href":"https:\/\/api.w.org\/{rel}","templated":true}]}}