{"id":7084,"date":"2017-10-20T19:50:46","date_gmt":"2017-10-20T17:50:46","guid":{"rendered":"http:\/\/catchit.hu\/?page_id=7084"},"modified":"2017-10-20T20:18:23","modified_gmt":"2017-10-20T18:18:23","slug":"miskolc","status":"publish","type":"page","link":"http:\/\/catchit.hu\/?page_id=7084","title":{"rendered":"Miskolc"},"content":{"rendered":"<p>Mindig is v\u00e9konynak \u00e9reztem a munk\u00e1im val\u00f3s s\u00faly \u00e9s szag n\u00e9lk\u00fclieknek. Ennek oka lehet az izol\u00e1lts\u00e1g a falak a flow hi\u00e1nya a val\u00f3s tartalom nem ott l\u00e9te. Mintha csak keresn\u00e9m de nem mern\u00e9m elvinni ha kicsit r\u00e1 is tal\u00e1lok. Kifog\u00e1sok. &#8220;Ez nem pest&#8221;-ek. &#8220;Egyed\u00fcl neh\u00e9z&#8221;-ek Amikor Miskolcra \u00e9rkeztem mint egy kutya csak baktattam \u00e9s m\u00e9rtem az utcakat tudtam mit akarok de nem tudtam hogy. Azt\u00e1n meglett. Vasgy\u00e1r t\u00e9glagett\u00f3 kontraszt r\u00e9giben m\u00faltban \u00f6regben cig\u00e1nyban elgurul\u00f3 Trabantban \u00e9s d\u00fcb\u00f6rg\u0151 lexusban. A kisboltban megk\u00e9rdeztem meghalok e ha odamegyek amikor a kiflit vettem<\/p>\n<p>-nekem soha semmi bajom nem volt. persze t\u0151lem veszik a tejet.<\/p>\n<p>lekullogtam \u00e9s elm\u00falt minden. nem \u00e9rdekelt a m\u00e9dia a ismeretlen a mi lesz ha. Otthon lettem. Illett a lej\u00e1rt szavatoss\u00e1g\u00fa olcs\u00f3 film \u00e9s a digi hi\u00e1nya olyan mint egy val\u00f3s \u00e9letk\u00f6zeli \u00e9lm\u00e9ny&#8230; blabla<\/p>\n<p>Megtal\u00e1ltam hol csak m\u00e9g nem fogtam meg.<\/p>\n<p>&nbsp;<\/p>\n<p>m\u00e9g visszamegyek.<\/p>\n<!-- AddThis Advanced Settings generic via filter on the_content --><!-- AddThis Share Buttons generic via filter on the_content -->","protected":false},"excerpt":{"rendered":"<p>Mindig is v\u00e9konynak \u00e9reztem a munk\u00e1im val\u00f3s s\u00faly \u00e9s szag n\u00e9lk\u00fclieknek. Ennek oka lehet az izol\u00e1lts\u00e1g a falak a flow hi\u00e1nya a val\u00f3s tartalom nem ott l\u00e9te. Mintha csak keresn\u00e9m de nem mern\u00e9m elvinni ha kicsit r\u00e1 is tal\u00e1lok. Kifog\u00e1sok. &#8220;Ez nem pest&#8221;-ek. &#8220;Egyed\u00fcl neh\u00e9z&#8221;-ek Amikor Miskolcra \u00e9rkeztem mint egy kutya csak baktattam \u00e9s m\u00e9rtem [&hellip;]<!-- AddThis Advanced Settings generic via filter on get_the_excerpt --><!-- AddThis Share Buttons generic via filter on get_the_excerpt --><\/p>\n","protected":false},"author":1,"featured_media":7063,"parent":0,"menu_order":0,"comment_status":"closed","ping_status":"closed","template":"template-gallery-masonry-3.php","meta":[],"_links":{"self":[{"href":"http:\/\/catchit.hu\/index.php?rest_route=\/wp\/v2\/pages\/7084"}],"collection":[{"href":"http:\/\/catchit.hu\/index.php?rest_route=\/wp\/v2\/pages"}],"about":[{"href":"http:\/\/catchit.hu\/index.php?rest_route=\/wp\/v2\/types\/page"}],"author":[{"embeddable":true,"href":"http:\/\/catchit.hu\/index.php?rest_route=\/wp\/v2\/users\/1"}],"replies":[{"embeddable":true,"href":"http:\/\/catchit.hu\/index.php?rest_route=%2Fwp%2Fv2%2Fcomments&post=7084"}],"version-history":[{"count":6,"href":"http:\/\/catchit.hu\/index.php?rest_route=\/wp\/v2\/pages\/7084\/revisions"}],"predecessor-version":[{"id":7094,"href":"http:\/\/catchit.hu\/index.php?rest_route=\/wp\/v2\/pages\/7084\/revisions\/7094"}],"wp:featuredmedia":[{"embeddable":true,"href":"http:\/\/catchit.hu\/index.php?rest_route=\/wp\/v2\/media\/7063"}],"wp:attachment":[{"href":"http:\/\/catchit.hu\/index.php?rest_route=%2Fwp%2Fv2%2Fmedia&parent=7084"}],"curies":[{"name":"wp","href":"https:\/\/api.w.org\/{rel}","templated":true}]}}