{"id":9408,"date":"2021-05-15T11:32:20","date_gmt":"2021-05-15T09:32:20","guid":{"rendered":"http:\/\/catchit.hu\/?page_id=9408"},"modified":"2021-05-15T11:32:22","modified_gmt":"2021-05-15T09:32:22","slug":"enekes-andris","status":"publish","type":"page","link":"http:\/\/catchit.hu\/?page_id=9408","title":{"rendered":"\u00c9nekes Andris"},"content":{"rendered":"\n<p>ANALOG<\/p>\n\n\n\n<p>35mm<br>Nikon F3 Helios m42 58mm 2.2<br>Ilford PAN 400<\/p>\n\n\n\n<p><\/p>\n\n\n\n<p>A Debreceni zenei \u00e9let meghat\u00e1roz\u00f3 tagja.<\/p>\n\n\n\n<p>Azon kevesek k\u00f6z\u00e9 tartozik aki visszat\u00e9rt a vadkeletre \u00e9s azon dolgozik hogy ez legyen a nyugat utols\u00f3 b\u00e1sty\u00e1ja:)<\/p>\n\n\n\n<p><\/p>\n<!-- AddThis Advanced Settings generic via filter on the_content --><!-- AddThis Share Buttons generic via filter on the_content -->","protected":false},"excerpt":{"rendered":"<p>ANALOG 35mmNikon F3 Helios m42 58mm 2.2Ilford PAN 400 A Debreceni zenei \u00e9let meghat\u00e1roz\u00f3 tagja. Azon kevesek k\u00f6z\u00e9 tartozik aki visszat\u00e9rt a vadkeletre \u00e9s azon dolgozik hogy ez legyen a nyugat utols\u00f3 b\u00e1sty\u00e1ja:)<!-- AddThis Advanced Settings generic via filter on get_the_excerpt --><!-- AddThis Share Buttons generic via filter on get_the_excerpt --><\/p>\n","protected":false},"author":1,"featured_media":9407,"parent":0,"menu_order":0,"comment_status":"closed","ping_status":"closed","template":"template-gallery-masonry-3.php","meta":[],"_links":{"self":[{"href":"http:\/\/catchit.hu\/index.php?rest_route=\/wp\/v2\/pages\/9408"}],"collection":[{"href":"http:\/\/catchit.hu\/index.php?rest_route=\/wp\/v2\/pages"}],"about":[{"href":"http:\/\/catchit.hu\/index.php?rest_route=\/wp\/v2\/types\/page"}],"author":[{"embeddable":true,"href":"http:\/\/catchit.hu\/index.php?rest_route=\/wp\/v2\/users\/1"}],"replies":[{"embeddable":true,"href":"http:\/\/catchit.hu\/index.php?rest_route=%2Fwp%2Fv2%2Fcomments&post=9408"}],"version-history":[{"count":1,"href":"http:\/\/catchit.hu\/index.php?rest_route=\/wp\/v2\/pages\/9408\/revisions"}],"predecessor-version":[{"id":9410,"href":"http:\/\/catchit.hu\/index.php?rest_route=\/wp\/v2\/pages\/9408\/revisions\/9410"}],"wp:featuredmedia":[{"embeddable":true,"href":"http:\/\/catchit.hu\/index.php?rest_route=\/wp\/v2\/media\/9407"}],"wp:attachment":[{"href":"http:\/\/catchit.hu\/index.php?rest_route=%2Fwp%2Fv2%2Fmedia&parent=9408"}],"curies":[{"name":"wp","href":"https:\/\/api.w.org\/{rel}","templated":true}]}}