{"id":9635,"date":"2021-09-05T10:16:49","date_gmt":"2021-09-05T08:16:49","guid":{"rendered":"http:\/\/catchit.hu\/?page_id=9635"},"modified":"2021-09-05T10:16:53","modified_gmt":"2021-09-05T08:16:53","slug":"betterthanever","status":"publish","type":"page","link":"http:\/\/catchit.hu\/?page_id=9635","title":{"rendered":"BetterThanEver"},"content":{"rendered":"\n<p>Na ez van;<\/p>\n\n\n\n<p>a para kezdet\u00e9n \u00e1lltak be a sr\u00e1cok a panelek t\u00f6v\u00e9be hogy megn\u00e9zz\u00fck mi lesz. A Szab\u00f3 Zsoldost (a debreceni Allen Ginsberg) n\u00e9mileg ismertem \u00e9s igyekeztem felvenni a laza de okos ritmust a k\u00e9peken. Magukt\u00f3l j\u00f6ttek magukt\u00f3l \u00f6lt\u00f6ztek magukat adt\u00e1k. A kontextust egyeztett\u00fck a helysz\u00ednen pedig tov\u00e1bbvitt\u00fck \u00e9s oda \u00e1lltak ahogy vannak amilyenek.<\/p>\n\n\n\n<p>funfact:<\/p>\n\n\n\n<p>n\u00e9ni az erk\u00e9lyr\u0151l \u00e1tkiab\u00e1lva az eg\u00e9sz teret;<\/p>\n\n\n\n<p>-Maguk mit csin\u00e1lnak?<\/p>\n\n\n\n<p>-\u00f3 csak fot\u00f3zgatunk<\/p>\n\n\n\n<p>-nem az \u00f6nkorm\u00e1nyzatt\u00f3l vannak?<\/p>\n\n\n\n<p>-h\u00e1t, nem<\/p>\n\n\n\n<p>-K\u00c1R, megmondhatn\u00e1k pedig hogy ILYET t\u00f6bbet NE \u00e9p\u00edtsenek<\/p>\n\n\n\n<p>a k\u00e9pek analog k\u00f6z\u00e9pforma, 6*7 Mamiya trafipaxal k\u00e9sz\u00fcltek a jo megb\u00edzhat\u00f3 \u00e9s agyonpusholhat\u00f3 Ilford Delta 400 ra \u00e9s Kodak Portra filmekre<\/p>\n\n\n\n<p>uj lemez nemsok\u00e1ra \u00e9s a klipp:<\/p>\n\n\n\n<figure class=\"wp-block-embed is-type-video is-provider-youtube wp-block-embed-youtube wp-embed-aspect-16-9 wp-has-aspect-ratio\"><div class=\"wp-block-embed__wrapper\">\n<iframe loading=\"lazy\" title=\"BETTERTHANEVER - D\u00c9L\" width=\"500\" height=\"281\" src=\"https:\/\/www.youtube.com\/embed\/EFMfUjzYamM?feature=oembed\" frameborder=\"0\" allow=\"accelerometer; autoplay; clipboard-write; encrypted-media; gyroscope; picture-in-picture\" allowfullscreen><\/iframe>\n<\/div><\/figure>\n\n\n\n<p>ha a lak\u00e1s esetleg ismer\u0151s ez az a szoba \u00e9s fotel (\u00e9s a Szab\u00f3zsoldi)<\/p>\n\n\n\n<p><blockquote class=\"wp-embedded-content\" data-secret=\"cJj6YEbXd0\"><a href=\"http:\/\/catchit.hu\/?page_id=8674\">MidwestV\u00e9nkert<\/a><\/blockquote><iframe class=\"wp-embedded-content\" sandbox=\"allow-scripts\" security=\"restricted\" style=\"position: absolute; clip: rect(1px, 1px, 1px, 1px);\" title=\"&#8220;MidwestV\u00e9nkert&#8221; &#8212; Catchit\" src=\"http:\/\/catchit.hu\/?page_id=8674&#038;embed=true#?secret=cJj6YEbXd0\" data-secret=\"cJj6YEbXd0\" width=\"500\" height=\"282\" frameborder=\"0\" marginwidth=\"0\" marginheight=\"0\" scrolling=\"no\"><\/iframe><\/p>\n\n\n\n<p>lemezkritika:<\/p>\n\n\n\n<figure class=\"wp-block-embed is-type-wp-embed is-provider-langolo wp-block-embed-langolo\"><div class=\"wp-block-embed__wrapper\">\n<blockquote class=\"wp-embedded-content\" data-secret=\"mFnixuBRla\"><a href=\"https:\/\/langolo.hu\/lakotelepi-kieges-loop-itt-a-del-az-elso-dal-a-betterthanever-debutalo-nagylemezerol\/\">Lak\u00f3telepi ki\u00e9g\u00e9s-loop \u2013 Itt a D\u00e9l, az els\u0151 dal a BetterThanEver deb\u00fct\u00e1l\u00f3 nagylemez\u00e9r\u0151l<\/a><\/blockquote><iframe class=\"wp-embedded-content\" sandbox=\"allow-scripts\" security=\"restricted\" style=\"position: absolute; clip: rect(1px, 1px, 1px, 1px);\" title=\"&#8220;Lak\u00f3telepi ki\u00e9g\u00e9s-loop \u2013 Itt a D\u00e9l, az els\u0151 dal a BetterThanEver deb\u00fct\u00e1l\u00f3 nagylemez\u00e9r\u0151l&#8221; &#8212; L\u00e1ngol\u00f3\" src=\"https:\/\/langolo.hu\/lakotelepi-kieges-loop-itt-a-del-az-elso-dal-a-betterthanever-debutalo-nagylemezerol\/embed\/#?secret=mFnixuBRla\" data-secret=\"mFnixuBRla\" width=\"500\" height=\"282\" frameborder=\"0\" marginwidth=\"0\" marginheight=\"0\" scrolling=\"no\"><\/iframe>\n<\/div><\/figure>\n\n\n\n<p>spoty<\/p>\n\n\n\n<figure class=\"wp-block-embed is-type-rich is-provider-spotify wp-block-embed-spotify wp-embed-aspect-21-9 wp-has-aspect-ratio\"><div class=\"wp-block-embed__wrapper\">\n<iframe loading=\"lazy\" title=\"Spotify Embed: BetterThanEver\" width=\"100%\" height=\"380\" allowtransparency=\"true\" frameborder=\"0\" allow=\"encrypted-media\" src=\"https:\/\/open.spotify.com\/embed\/artist\/0oya3N4jzxAUj1z0grpxDv?si=q0TfM8RhSxSq60TDmLM_dQ&#038;dl_branch=1\"><\/iframe>\n<\/div><\/figure>\n\n\n\n<p>hallgassatok sok ilyet mert sok ilyen nincs<\/p>\n\n\n\n<p>\u00fagyhogy menci<\/p>\n<!-- AddThis Advanced Settings generic via filter on the_content --><!-- AddThis Share Buttons generic via filter on the_content -->","protected":false},"excerpt":{"rendered":"<p>Na ez van; a para kezdet\u00e9n \u00e1lltak be a sr\u00e1cok a panelek t\u00f6v\u00e9be hogy megn\u00e9zz\u00fck mi lesz. A Szab\u00f3 Zsoldost (a debreceni Allen Ginsberg) n\u00e9mileg ismertem \u00e9s igyekeztem felvenni a laza de okos ritmust a k\u00e9peken. Magukt\u00f3l j\u00f6ttek magukt\u00f3l \u00f6lt\u00f6ztek magukat adt\u00e1k. A kontextust egyeztett\u00fck a helysz\u00ednen pedig tov\u00e1bbvitt\u00fck \u00e9s oda \u00e1lltak ahogy vannak amilyenek. [&hellip;]<!-- AddThis Advanced Settings generic via filter on get_the_excerpt --><!-- AddThis Share Buttons generic via filter on get_the_excerpt --><\/p>\n","protected":false},"author":1,"featured_media":9629,"parent":0,"menu_order":0,"comment_status":"closed","ping_status":"closed","template":"template-gallery-masonry-3.php","meta":[],"_links":{"self":[{"href":"http:\/\/catchit.hu\/index.php?rest_route=\/wp\/v2\/pages\/9635"}],"collection":[{"href":"http:\/\/catchit.hu\/index.php?rest_route=\/wp\/v2\/pages"}],"about":[{"href":"http:\/\/catchit.hu\/index.php?rest_route=\/wp\/v2\/types\/page"}],"author":[{"embeddable":true,"href":"http:\/\/catchit.hu\/index.php?rest_route=\/wp\/v2\/users\/1"}],"replies":[{"embeddable":true,"href":"http:\/\/catchit.hu\/index.php?rest_route=%2Fwp%2Fv2%2Fcomments&post=9635"}],"version-history":[{"count":1,"href":"http:\/\/catchit.hu\/index.php?rest_route=\/wp\/v2\/pages\/9635\/revisions"}],"predecessor-version":[{"id":9637,"href":"http:\/\/catchit.hu\/index.php?rest_route=\/wp\/v2\/pages\/9635\/revisions\/9637"}],"wp:featuredmedia":[{"embeddable":true,"href":"http:\/\/catchit.hu\/index.php?rest_route=\/wp\/v2\/media\/9629"}],"wp:attachment":[{"href":"http:\/\/catchit.hu\/index.php?rest_route=%2Fwp%2Fv2%2Fmedia&parent=9635"}],"curies":[{"name":"wp","href":"https:\/\/api.w.org\/{rel}","templated":true}]}}